{"id":269,"date":"2022-05-26T08:23:54","date_gmt":"2022-05-26T08:23:54","guid":{"rendered":"https:\/\/shop.frankovic.hr\/?page_id=269"},"modified":"2022-06-20T11:41:32","modified_gmt":"2022-06-20T11:41:32","slug":"zastita-osobnih-podataka","status":"publish","type":"page","link":"https:\/\/shop.frankovic.hr\/en\/zastita-osobnih-podataka\/","title":{"rendered":"PERSONAL DATA PROTECTION"},"content":{"rendered":"<p><b>PRIVACY STATEMENT<\/b><\/p>\n<p>FRANKOVI\u0106 d.o.o., Trg Josipa Broza Tita 6, Buje (hereinafter: FRANKOVI\u0106) retains all copyrights on the use of photographs, texts and other published materials in the sense of positive legal regulations in the Republic of Croatia.<\/p>\n<p><b>INTRODUCTORY PROVISIONS<\/b><\/p>\n<p>FRANKOVI\u0106 respects your privacy and undertakes to protect your personal information. Collecting and keeping data is carried out in accordance with the provisions of the Personal Data Protection Act.<\/p>\n<p><b>DATA COVERED BY THE PRIVACY POLICY SYSTEM<\/b><\/p>\n<p>The information that we ask you and that is protected:<\/p>\n<p>\u2013 name and surname<\/p>\n<p>\u2013 email address<\/p>\n<p>\u2013 other information you specify and note that you want to remain secret.<\/p>\n<p><b>THE PURPOSE OF THE OBTAINED DATA<\/b><\/p>\n<p>All the information FRANKOVI\u0106 receives from you is exclusively for:<\/p>\n<p>\u2013 the most effective response to your inquiry<\/p>\n<p>\u2013 providing the requested service<\/p>\n<p>\u2013 our internal statistical data processing<\/p>\n<p>\u2013 the possibility of sending publications, brochures and other promotional materials.<\/p>\n<p>FRANKOVI\u0106 warrants that the data collected will only be used for these purposes. By submitting your personal information through all forms of communication, you expressly acknowledge that FRANKOVI\u0106 may contact you for these purposes. If you do not want FRANKOVI\u0106 to contact you, you are obliged to inform FRANKOVI\u0106 in a written way.<\/p>\n<p><b>THE DURATION OF PRIVACY POLICY<\/b><\/p>\n<p>By submitting your information, you agree us to contact you. The moment you enter is your explicit consent to contact. The privacy of your data is permanent and at any moment you can request termination of email notifications. After that, FRANKOVI\u0106 will no longer use your data except for internal purposes, for example, for information or statistical processing purposes.<\/p>\n<p><b>THE PRIVACY POLICY CONTENT<\/b><\/p>\n<p>Your email address and other information we do not sell, rent or make available to third parties, legal and natural persons outside the FRANKOVI\u0106 website without your consent, as this is contrary to our privacy policy. FRANKOVI\u0106 is holding strict \u201cno spam\u201d policies. FRANKOVI\u0106 does not respond to a random mistake or error due to force majeure or other objective circumstances that cause an accidental violation of the guaranteed protection of your data, but warrants that the error will be removed, if possible, as soon as possible.<\/p>\n<p><b>COOKIES AND INTERNET TECHNOLOGIES<\/b><\/p>\n<p>Like many other websites, ours can also use \u201ccookies\u201d and other technologies that help us deliver content depending on your areas of interest, processing requests, and\/or analyzing the characteristics of your visits. Cookies alone can\u2019t be used to reveal your personal identity. When accessing our website, this information identifies the features of your browser to our servers, but not you. If you want to delete or disable cookies at your computer at any time, you can update your browser\u2019s settings (see the \u201cHelp\u201d menu for information on how to delete or disable cookies).\u00a0Information can also be collected using \u201cpixel tags\u201d, \u201d Signals\u201d, \u201d Blank GIFs, \u201cor similar (commonly called\u201d pixel tags\u201d) that allow us to find out when you visit our portal and how to use our emails or ads.<\/p>\n<p><b>DATA CHANGE<\/b><\/p>\n<p>You can contact us at any time to review your personal information, as well as to update, correct or delete your data. By that time, we will use your old data for the purposes mentioned.<\/p>\n<p><b>YOUR CONSENT<\/b><\/p>\n<p>By filling the forms on this site, you warrant that the information you have provided is accurate, that you are competent and authorized to dispose of the information provided and that you fully agree that FRANKOVI\u0106 uses and collects your information in accordance with the law and the terms of our privacy policy.<\/p>\n<p><b>TRANSPARENCY<\/b><\/p>\n<p>If we decide to change our privacy policy, we\u2019ll make changes to this page so you can keep track of them.<\/p>\n<p><strong>ADDITIONAL EXPLANATIONS<\/strong><\/p>\n<p>By using our site you confirm that you have read the Privacy Statement and that you agree to it.<\/p>\n<p>If you have any additional questions, concerns or remarks regarding our privacy policy, you can email us at sales@frankovic.hr<\/p>","protected":false},"excerpt":{"rendered":"<p>PRIVACY STATEMENT FRANKOVI\u0106 d.o.o., Trg Josipa Broza Tita 6, Buje (hereinafter: FRANKOVI\u0106) retains all copyrights on the use of photographs, texts and other published materials in the sense of positive legal regulations in the Republic of Croatia. INTRODUCTORY PROVISIONS FRANKOVI\u0106 respects your privacy and undertakes to protect your personal information. Collecting and keeping data is&hellip;&nbsp;<a href=\"https:\/\/shop.frankovic.hr\/en\/zastita-osobnih-podataka\/\" rel=\"bookmark\">Read More &raquo;<span class=\"screen-reader-text\">PERSONAL DATA PROTECTION<\/span><\/a><\/p>\n","protected":false},"author":1,"featured_media":0,"parent":0,"menu_order":0,"comment_status":"closed","ping_status":"closed","template":"","meta":{"neve_meta_sidebar":"full-width","neve_meta_container":"contained","neve_meta_enable_content_width":"off","neve_meta_content_width":100,"neve_meta_title_alignment":"","neve_meta_author_avatar":"","neve_post_elements_order":"","neve_meta_disable_header":"","neve_meta_disable_footer":"","neve_meta_disable_title":"","_themeisle_gutenberg_block_has_review":false,"footnotes":""},"class_list":["post-269","page","type-page","status-publish","hentry"],"_links":{"self":[{"href":"https:\/\/shop.frankovic.hr\/en\/wp-json\/wp\/v2\/pages\/269","targetHints":{"allow":["GET"]}}],"collection":[{"href":"https:\/\/shop.frankovic.hr\/en\/wp-json\/wp\/v2\/pages"}],"about":[{"href":"https:\/\/shop.frankovic.hr\/en\/wp-json\/wp\/v2\/types\/page"}],"author":[{"embeddable":true,"href":"https:\/\/shop.frankovic.hr\/en\/wp-json\/wp\/v2\/users\/1"}],"replies":[{"embeddable":true,"href":"https:\/\/shop.frankovic.hr\/en\/wp-json\/wp\/v2\/comments?post=269"}],"version-history":[{"count":2,"href":"https:\/\/shop.frankovic.hr\/en\/wp-json\/wp\/v2\/pages\/269\/revisions"}],"predecessor-version":[{"id":271,"href":"https:\/\/shop.frankovic.hr\/en\/wp-json\/wp\/v2\/pages\/269\/revisions\/271"}],"wp:attachment":[{"href":"https:\/\/shop.frankovic.hr\/en\/wp-json\/wp\/v2\/media?parent=269"}],"curies":[{"name":"wp","href":"https:\/\/api.w.org\/{rel}","templated":true}]}}