{"id":272,"date":"2022-05-26T08:37:35","date_gmt":"2022-05-26T08:37:35","guid":{"rendered":"https:\/\/shop.frankovic.hr\/?page_id=272"},"modified":"2022-06-20T11:42:02","modified_gmt":"2022-06-20T11:42:02","slug":"impressum","status":"publish","type":"page","link":"https:\/\/shop.frankovic.hr\/en\/impressum\/","title":{"rendered":"IMPRESSUM"},"content":{"rendered":"<p><strong>FRANKOVI\u0106 d.o.o.<\/strong><br \/>\nHeadquarters: Digitronska ulica 14, Buje<\/p>\n<p>OIB: 35280070670<br \/>\nMBS: 040093455<br \/>\nEUID: HRSR.040093455<\/p>\n<p>Bank account Istarksa kreditna banka d.d. , Umag<br \/>\nIBAN: HR3823800061145001351<br \/>\nSWIFT CODE (BIC): ISKBHR2X<\/p>\n<p><strong>Members of the board<\/strong><br \/>\nJosip Frankovi\u0107<\/p>\n<p><strong>Director<\/strong><br \/>\nJosip Frankovi\u0107, Neda Frankovi\u0107<\/p>\n<p><strong>Share capital<\/strong><br \/>\n135.100,00 kuna<\/p>\n<p><strong>FRANKOVI\u0106 LLC<\/strong> for trade, tourism, catering and travel agency is registered with the Pazin Commercial Court.<\/p>","protected":false},"excerpt":{"rendered":"<p>FRANKOVI\u0106 d.o.o. Headquarters: Digitronska ulica 14, Buje OIB: 35280070670 MBS: 040093455 EUID: HRSR.040093455 Bank account Istarksa kreditna banka d.d. , Umag IBAN: HR3823800061145001351 SWIFT CODE (BIC): ISKBHR2X Members of the board Josip Frankovi\u0107 Director Josip Frankovi\u0107, Neda Frankovi\u0107 Share capital 135.100,00 kuna FRANKOVI\u0106 LLC for trade, tourism, catering and travel agency is registered with the&hellip;&nbsp;<a href=\"https:\/\/shop.frankovic.hr\/en\/impressum\/\" rel=\"bookmark\">Read More &raquo;<span class=\"screen-reader-text\">IMPRESSUM<\/span><\/a><\/p>\n","protected":false},"author":1,"featured_media":0,"parent":0,"menu_order":0,"comment_status":"closed","ping_status":"closed","template":"","meta":{"neve_meta_sidebar":"","neve_meta_container":"","neve_meta_enable_content_width":"off","neve_meta_content_width":100,"neve_meta_title_alignment":"","neve_meta_author_avatar":"","neve_post_elements_order":"","neve_meta_disable_header":"","neve_meta_disable_footer":"","neve_meta_disable_title":"","_themeisle_gutenberg_block_has_review":false,"footnotes":""},"class_list":["post-272","page","type-page","status-publish","hentry"],"_links":{"self":[{"href":"https:\/\/shop.frankovic.hr\/en\/wp-json\/wp\/v2\/pages\/272","targetHints":{"allow":["GET"]}}],"collection":[{"href":"https:\/\/shop.frankovic.hr\/en\/wp-json\/wp\/v2\/pages"}],"about":[{"href":"https:\/\/shop.frankovic.hr\/en\/wp-json\/wp\/v2\/types\/page"}],"author":[{"embeddable":true,"href":"https:\/\/shop.frankovic.hr\/en\/wp-json\/wp\/v2\/users\/1"}],"replies":[{"embeddable":true,"href":"https:\/\/shop.frankovic.hr\/en\/wp-json\/wp\/v2\/comments?post=272"}],"version-history":[{"count":2,"href":"https:\/\/shop.frankovic.hr\/en\/wp-json\/wp\/v2\/pages\/272\/revisions"}],"predecessor-version":[{"id":274,"href":"https:\/\/shop.frankovic.hr\/en\/wp-json\/wp\/v2\/pages\/272\/revisions\/274"}],"wp:attachment":[{"href":"https:\/\/shop.frankovic.hr\/en\/wp-json\/wp\/v2\/media?parent=272"}],"curies":[{"name":"wp","href":"https:\/\/api.w.org\/{rel}","templated":true}]}}