{"id":269,"date":"2022-05-26T08:23:54","date_gmt":"2022-05-26T08:23:54","guid":{"rendered":"https:\/\/shop.frankovic.hr\/?page_id=269"},"modified":"2022-06-20T11:41:32","modified_gmt":"2022-06-20T11:41:32","slug":"zastita-osobnih-podataka","status":"publish","type":"page","link":"https:\/\/shop.frankovic.hr\/hr\/zastita-osobnih-podataka\/","title":{"rendered":"ZA\u0160TITA OSOBNIH PODATAKA"},"content":{"rendered":"<p>FRANKOVI\u0106 d.o.o., Trg Josipa Broza Tita 6, Buje (u daljnjem tekstu: FRANKOVI\u0106) zadr\u017eava sva autorska prava na kori\u0161tenje fotografijama, tekstom i ostalim objavljenim materijalom, u smislu pozitivnih zakonskih propisa u Republici Hrvatskoj. Fotografije, tekstovi i ostali materijal ne smiju se objavljivati, prodavati, javno ili privatno publicirati niti na bilo koji drugi na\u010din upotrebljavati bez suglasnosti FRANKOVI\u0106.<\/p>\n<p><b>Uvodne odredbe<\/b><\/p>\n<p>FRANKOVI\u0106 po\u0161tuje va\u0161u privatnost te se obvezuje na za\u0161titu va\u0161ih osobnih podataka. Prikupljanje i \u010duvanje podataka izvodi se u skladu s odredbama Zakona o za\u0161titi osobnih podataka.<\/p>\n<p><b>Podaci pokriveni sustavom politike privatnosti<\/b><\/p>\n<p>Podatke koje od Vas prvenstveno tra\u017eimo i koji su za\u0161ti\u0107eni:<\/p>\n<p>\u2013 ime i prezime<\/p>\n<p>\u2013\u00a0adresa e-po\u0161te<\/p>\n<p>\u2013 ostali podaci koje navedete, a napomenete da \u017eelite da ostanu tajni.<\/p>\n<p><b>Svrha dobivenih podataka<\/b><\/p>\n<p>Svi podaci koje FRANKOVI\u0106 od vas dobije slu\u017ee isklju\u010divo za:<\/p>\n<p>\u2013 \u0161to u\u010dinkovitijeg odgovora na Va\u0161 upit<\/p>\n<p>\u2013 osiguranja pru\u017eanja tra\u017eene usluge<\/p>\n<p>\u2013 na\u0161e interne statisti\u010dke obrade podataka<\/p>\n<p>\u2013 mogu\u0107nosti slanja publikacija, bro\u0161ura i drugih promid\u017ebenih materijala.<\/p>\n<p>FRANKOVI\u0106 jam\u010di da \u0107e se prikupljenim podacima koristiti samo u navedene svrhe. Ustupanjem svojih osobnih podataka kroz sve oblike komunikacije dajete svoju izri\u010ditu suglasnost da vam se FRANKOVI\u0106 mo\u017ee obratiti u navedene svrhe. U slu\u010daju da ne \u017eelite da FRANKOVI\u0106 kontaktira s vama, du\u017eni ste o tome izri\u010dito pisanim putem izvijestiti FRANKOVI\u0106.<\/p>\n<p><b>Vrijeme trajanja politike privatnosti<\/b><\/p>\n<p>U trenutku kada dostavite svoje podatke pristajete na to da s vama kontaktiramo. Trenutak ulaska predstavlja va\u0161 izri\u010dit pristanak na kontakt. Za\u0161tita je privatnosti va\u0161ih podataka trajna i u svakom trenutno mo\u017eete zatra\u017eiti prestanak email obavijesti. Nakon toga se FRANKOVI\u0106 vi\u0161e ne\u0107e koristiti va\u0161im podacima osim za interne svrhe, npr. radi informati\u010dke ili statisti\u010dke obrade podataka.<\/p>\n<p><b>Sadr\u017eaj politike privatnosti<\/b><\/p>\n<p>Va\u0161u adresu e-po\u0161te i ostale podatke ne prodajemo, ne iznajmljujemo niti stavljamo tre\u0107im pravnim i fizi\u010dkim osobama izvan FRANKOVI\u0106 web stranice na raspolaganje bez va\u0161eg pristanka, jer je to protivno na\u0161oj politici o privatnosti. FRANKOVI\u0106 se dr\u017ei stroge politike \u201cno spam\u201d. FRANKOVI\u0106 ne odgovara za slu\u010dajnu pogre\u0161ku ili pogre\u0161ku zbog vi\u0161e sile, ili drugih objektivnih okolnosti kojima se uzrokuje slu\u010dajno kr\u0161enje zajam\u010dene za\u0161tite va\u0161ih podataka, ali jam\u010di da \u0107e pogre\u0161ka biti otklonjena, ako je to mogu\u0107e, \u010dim prije.<\/p>\n<p><b>Kola\u010di\u0107i i internetske tehnologije<\/b><\/p>\n<p>Kao \u0161to je slu\u010daj i s mnogim drugim internet stranicama, i na\u0161a se mo\u017ee koristiti \u201ekola\u010di\u0107ima\u201c i drugim tehnologijama koje nam olak\u0161avaju isporu\u010divanje sadr\u017eaja ovisno o va\u0161im podru\u010djima interesa, obra\u0111ivanje zahtjeva, i\/ili analiziranje karakteristika va\u0161ih posjeta. Kola\u010di\u0107i se sami po sebi ne mogu upotrebljavati za otkrivanje va\u0161eg osobnog identiteta. Kad pristupate na\u0161oj web-stranici, ova informacija na\u0161im poslu\u017eiteljima identificira svojstva va\u0161eg pretra\u017eiva\u010da, ali ne i vas. \u017delite li u bilo kojem trenutku izbrisati ili onemogu\u0107iti kola\u010di\u0107e na svojem ra\u010dunalu, mo\u017eete a\u017eurirati postavke svojeg internetskog pretra\u017eiva\u010da (informacije o na\u010dinu brisanja i onemogu\u0107avanja kola\u010di\u0107a potra\u017eite na svojem pretra\u017eiva\u010du odabirom izbornika \u201eHelp\u201c) Informacije mo\u017eemo tako\u0111er prikupljati primjenom \u201epikselskih oznaka\u201c, \u201emre\u017enih signala\u201c, \u201epraznih GIF-ova\u201c ili sli\u010dnih sredstava (zajedni\u010dki nazvanih \u201epikselske oznake\u201c) koja nam omogu\u0107uju saznati kad posje\u0107ujete na\u0161 portal i kako se koristite na\u0161im porukama e-po\u0161te ili oglasima.<\/p>\n<p><b>Promjena podataka<\/b><\/p>\n<p>U svakom nam se trenutku mo\u017eete obratiti radi pregleda svojih osobnih podataka, kao i radi a\u017euriranja, ispravka ili brisanja podataka. Do tog se trenutka u navedene svrhe koristimo va\u0161im starim podacima.<\/p>\n<p><b>Va\u0161a suglasnost<\/b><\/p>\n<p>Popunjavaju\u0107i formulare na ovoj stranici jam\u010dite da su informacije koje ste prilo\u017eili to\u010dne, da ste poslovno sposobni i ovla\u0161teni raspolagati danim informacijama te da ste u cijelosti suglasni da FRANKOVI\u0106 va\u0161e podatke upotrebljava i prikuplja u skladu sa zakonom i uvjetima na\u0161e politike privatnosti.<\/p>\n<p><b>Transparentnost<\/b><\/p>\n<p>Ako odlu\u010dimo mijenjati svoju politiku privatnosti, promjene \u0107emo postaviti na ovu stranicu tako da mo\u017eete neprestano imati uvid u njih.<\/p>\n<p><b>Dodatna obja\u0161njenja<\/b><\/p>\n<p>S uporabom na\u0161e stranice potvr\u0111ujete da ste pro\u010ditali Izjavu o privatnosti i da se s njom sla\u017eete.<\/p>\n<p>Ako imate dodatna pitanja, probleme ili napomene u vezi s na\u0161om politikom privatnosti, mo\u017eete nam to poru\u010diti na sales@frankovic.hr<\/p>","protected":false},"excerpt":{"rendered":"<p>FRANKOVI\u0106 d.o.o., Trg Josipa Broza Tita 6, Buje (u daljnjem tekstu: FRANKOVI\u0106) zadr\u017eava sva autorska prava na kori\u0161tenje fotografijama, tekstom i ostalim objavljenim materijalom, u smislu pozitivnih zakonskih propisa u Republici Hrvatskoj. Fotografije, tekstovi i ostali materijal ne smiju se objavljivati, prodavati, javno ili privatno publicirati niti na bilo koji drugi na\u010din upotrebljavati bez suglasnosti&hellip;&nbsp;<a href=\"https:\/\/shop.frankovic.hr\/hr\/zastita-osobnih-podataka\/\" rel=\"bookmark\">Read More &raquo;<span class=\"screen-reader-text\">ZA\u0160TITA OSOBNIH PODATAKA<\/span><\/a><\/p>\n","protected":false},"author":1,"featured_media":0,"parent":0,"menu_order":0,"comment_status":"closed","ping_status":"closed","template":"","meta":{"neve_meta_sidebar":"full-width","neve_meta_container":"contained","neve_meta_enable_content_width":"off","neve_meta_content_width":100,"neve_meta_title_alignment":"","neve_meta_author_avatar":"","neve_post_elements_order":"","neve_meta_disable_header":"","neve_meta_disable_footer":"","neve_meta_disable_title":"","_themeisle_gutenberg_block_has_review":false,"footnotes":""},"class_list":["post-269","page","type-page","status-publish","hentry"],"_links":{"self":[{"href":"https:\/\/shop.frankovic.hr\/hr\/wp-json\/wp\/v2\/pages\/269","targetHints":{"allow":["GET"]}}],"collection":[{"href":"https:\/\/shop.frankovic.hr\/hr\/wp-json\/wp\/v2\/pages"}],"about":[{"href":"https:\/\/shop.frankovic.hr\/hr\/wp-json\/wp\/v2\/types\/page"}],"author":[{"embeddable":true,"href":"https:\/\/shop.frankovic.hr\/hr\/wp-json\/wp\/v2\/users\/1"}],"replies":[{"embeddable":true,"href":"https:\/\/shop.frankovic.hr\/hr\/wp-json\/wp\/v2\/comments?post=269"}],"version-history":[{"count":2,"href":"https:\/\/shop.frankovic.hr\/hr\/wp-json\/wp\/v2\/pages\/269\/revisions"}],"predecessor-version":[{"id":271,"href":"https:\/\/shop.frankovic.hr\/hr\/wp-json\/wp\/v2\/pages\/269\/revisions\/271"}],"wp:attachment":[{"href":"https:\/\/shop.frankovic.hr\/hr\/wp-json\/wp\/v2\/media?parent=269"}],"curies":[{"name":"wp","href":"https:\/\/api.w.org\/{rel}","templated":true}]}}