{"id":136,"date":"2022-04-01T11:48:47","date_gmt":"2022-04-01T11:48:47","guid":{"rendered":"https:\/\/shop.frankovic.hr\/?post_type=product&#038;p=136"},"modified":"2026-04-20T15:51:12","modified_gmt":"2026-04-20T13:51:12","slug":"bella","status":"publish","type":"product","link":"https:\/\/shop.frankovic.hr\/hr\/proizvod\/bella\/","title":{"rendered":"Amfiterra &#8211; Bella"},"content":{"rendered":"<p><strong>Regija:<br \/>\n<\/strong>Istra<br \/>\n<strong>Mjesto proizvodnje:<\/strong><br \/>\nBuje<br \/>\n<strong>Polo\u017eaj:<\/strong><br \/>\nCastion<br \/>\n<strong>Nadmorska visina:<\/strong><br \/>\n200-250m<br \/>\n<strong>Na\u010din berbe:<\/strong><br \/>\nKombinirano; ru\u010dno i pneumatskim ru\u010dnim tresa\u010dima<br \/>\n<strong>Vrijeme berbe:<\/strong><br \/>\nListopad<br \/>\n<strong>Na\u010din prerade:<\/strong><br \/>\nKontinuriani ciklus, 2 faze, prerada odmah nakon berbe<br \/>\n<strong>Sorte:<br \/>\n<\/strong>Istarska bjelica, Frantoio, Leccino, Pendolino i Bu\u017ea<br \/>\n<strong>Gusto\u0107a:<br \/>\n<\/strong>Izrazita<br \/>\n<strong>Boja:<br \/>\n<\/strong>Zlatno zelena<br \/>\n<strong>Miris:<br \/>\n<\/strong>Intenzivna i vrlo profinjena herbalnog mirisa, oboga\u0107eno je elegantnim obilje\u017ejima zelene jabuke, arti\u010doke i raj\u010dice<br \/>\n<strong>Okus:<br \/>\n<\/strong>Pikantnog okusa i ugodnog gorkastog aftertastea<br \/>\n<strong>Upotreba:<br \/>\n<\/strong>Odli\u010dno se sljubljuje s mije\u0161anim salatama od povr\u0107a, predjelima od mahunarki, juhama od vrganja, jelima od meku\u0161aca, ribom na \u017earu, mariniranom ili pe\u010denom tunom, crvenim i bijelim mesom, te s razli\u010ditim sirevima. Preporu\u010damo ga uz sve vrste tjestenina I ri\u017eota. Mo\u017ee se poslu\u017eiti i uz desert, najbolje uz sladoled od vanilije ili uz \u010dokoladne kola\u010de.<br \/>\n<strong>Veli\u010dina boce:<br \/>\n<\/strong>0,25l i 0,5l<\/p>\n<p>&nbsp;<\/p>","protected":false},"excerpt":{"rendered":"<p><em>Na\u0161e maslinovo ulje blend je vi\u0161e istarskih sorti \u2013 Bjelica Istarska, Bu\u017ea, Frantoio, Leccino, Pendolino. Na\u0161e masline nalaze se na terasastoj lokaciji koja podsje\u0107a na amfiteatar, te od tud dolazi i sam naziv &#8216;Amfiterra&#8217;.<\/em><\/p>\n<p><a href=\"https:\/\/shop.frankovic.hr\/wp-content\/uploads\/2022\/05\/Frankovic-PDF-Katalog-ULJA-HR-1.pdf\"><img loading=\"lazy\" decoding=\"async\" class=\"pdffranu size-full wp-image-301 alignleft\" src=\"https:\/\/shop.frankovic.hr\/wp-content\/uploads\/2022\/04\/PDF-download-icon.png\" alt=\"\" width=\"50\" height=\"49\" \/><\/a><\/p>\n","protected":false},"featured_media":160,"template":"","meta":{"neve_meta_sidebar":"","neve_meta_container":"","neve_meta_enable_content_width":"off","neve_meta_content_width":100,"neve_meta_title_alignment":"","neve_meta_author_avatar":"","neve_post_elements_order":"","neve_meta_disable_header":"","neve_meta_disable_footer":"","neve_meta_disable_title":"","_themeisle_gutenberg_block_has_review":false},"product_brand":[],"product_cat":[25],"product_tag":[],"class_list":{"0":"post-136","1":"product","2":"type-product","3":"status-publish","4":"has-post-thumbnail","6":"product_cat-maslinovo-ulje-amfiterra","8":"first","9":"instock","10":"taxable","11":"shipping-taxable","12":"purchasable","13":"product-type-variable"},"_links":{"self":[{"href":"https:\/\/shop.frankovic.hr\/hr\/wp-json\/wp\/v2\/product\/136","targetHints":{"allow":["GET"]}}],"collection":[{"href":"https:\/\/shop.frankovic.hr\/hr\/wp-json\/wp\/v2\/product"}],"about":[{"href":"https:\/\/shop.frankovic.hr\/hr\/wp-json\/wp\/v2\/types\/product"}],"wp:featuredmedia":[{"embeddable":true,"href":"https:\/\/shop.frankovic.hr\/hr\/wp-json\/wp\/v2\/media\/160"}],"wp:attachment":[{"href":"https:\/\/shop.frankovic.hr\/hr\/wp-json\/wp\/v2\/media?parent=136"}],"wp:term":[{"taxonomy":"product_brand","embeddable":true,"href":"https:\/\/shop.frankovic.hr\/hr\/wp-json\/wp\/v2\/product_brand?post=136"},{"taxonomy":"product_cat","embeddable":true,"href":"https:\/\/shop.frankovic.hr\/hr\/wp-json\/wp\/v2\/product_cat?post=136"},{"taxonomy":"product_tag","embeddable":true,"href":"https:\/\/shop.frankovic.hr\/hr\/wp-json\/wp\/v2\/product_tag?post=136"}],"curies":[{"name":"wp","href":"https:\/\/api.w.org\/{rel}","templated":true}]}}