{"id":138,"date":"2022-04-01T11:48:48","date_gmt":"2022-04-01T11:48:48","guid":{"rendered":"https:\/\/shop.frankovic.hr\/?post_type=product&#038;p=138"},"modified":"2025-10-10T14:53:25","modified_gmt":"2025-10-10T12:53:25","slug":"teran","status":"publish","type":"product","link":"https:\/\/shop.frankovic.hr\/hr\/proizvod\/teran\/","title":{"rendered":"Teran"},"content":{"rendered":"<p><\/p>\n<h1>Vinogradi<\/h1>\n<p><strong>Sorta gro\u017e\u0111a:<br \/>\n<\/strong>Teran<br \/>\n<strong>Kategorija:<\/strong><br \/>\n<span class=\"fontstyle0\">Suho vino<\/span><br \/>\n<strong>Vinogorje:<\/strong><br \/>\nHrvatska Istra<br \/>\n<strong>Vinograd:<\/strong><br \/>\nSanta Lucia<br \/>\n<strong>Starost vinograda i prinos:<\/strong><br \/>\n13 godina, 1-1,5 kg<br \/>\n<strong>Nadmorska visina vinograda:<\/strong><br \/>\n200-240m<br \/>\n<strong>Polo\u017eaj vinograda:<\/strong><br \/>\nJug, jugozapad<br \/>\n<strong>Sastav zemlje:<\/strong><br \/>\nFli\u0161, vapnena\u010dke stijene, glina<br \/>\n<strong>Berba:<\/strong><br \/>\nRu\u010dna<\/p>\n<h1>Podrum<\/h1>\n<p><strong>Maceracija:<br \/>\n<\/strong>25 dana<br \/>\n<strong>Vinifikacija:<\/strong><br \/>\nSelekcija najboljeg gro\u017e\u0111a Terana, maceracija, fermentacija<br \/>\n<strong>Dozrijevanje:<\/strong><br \/>\nOdle\u017eavanje 24 mjeseca u novim i rabljenim barrique i tonneau ba\u010dvama od francuskog hrasta, dalje odle\u017eavanje 3 mjeseca u inoxu<br \/>\n<strong>Odle\u017eavanje u boci:<\/strong><br \/>\n12 mjeseci<\/p>\n<h1>Ostalo<\/h1>\n<p><strong>Sadr\u017eaj alkohola:<br \/>\n<\/strong>13,5 vol %<br \/>\n<strong>Neprovreli \u0161e\u0107er:<\/strong><br \/>\n1,5 g\/l<br \/>\n<strong>Ph:<\/strong><br \/>\n3,34<br \/>\n<strong>Ukupna kiselina:<\/strong><br \/>\n6,5 g\/l<br \/>\n<strong>Veli\u010dina boce:<\/strong><br \/>\n0,75 l, 1,5 l, 3 l<br \/>\n<strong>Temperatura serviranja:<\/strong><br \/>\n18 \u00b0C<\/p>","protected":false},"excerpt":{"rendered":"<p><em>Teran je rubin-crvene boje, koja pri kruz\u030cnom okretanju daje ljubic\u030casti odsjaj. Nosi i jednu finu i trajnu aromu s nijansama s\u030cumskog voc\u0301a, malina i borovnica. Nas\u030c je Teran odnjegovan u barrique bac\u030cvama. U ustima je topao i mekanih tanina. Najbolje se sljubljuje uz predjela kao s\u030cto su prs\u030cut i sir, te uz glavna jela od crvenog mesa i divljac\u030ci.<\/em><\/p>\n<p><strong>Godina: 2019<\/strong><\/p>\n<p><a href=\"https:\/\/shop.frankovic.hr\/wp-content\/uploads\/2023\/04\/Teran-katalog.pdf\">https:\/\/shop.frankovic.hr\/wp-content\/uploads\/2023\/04\/Teran-katalog.pdf<\/a><\/p>\n<p>&nbsp;<\/p>\n","protected":false},"featured_media":877,"template":"","meta":{"neve_meta_sidebar":"","neve_meta_container":"","neve_meta_enable_content_width":"off","neve_meta_content_width":100,"neve_meta_title_alignment":"","neve_meta_author_avatar":"","neve_post_elements_order":"","neve_meta_disable_header":"","neve_meta_disable_footer":"","neve_meta_disable_title":"","_themeisle_gutenberg_block_has_review":false},"product_brand":[],"product_cat":[26],"product_tag":[],"class_list":{"0":"post-138","1":"product","2":"type-product","3":"status-publish","4":"has-post-thumbnail","6":"product_cat-vina-frankovic","8":"first","9":"instock","10":"taxable","11":"shipping-taxable","12":"purchasable","13":"product-type-variable"},"_links":{"self":[{"href":"https:\/\/shop.frankovic.hr\/hr\/wp-json\/wp\/v2\/product\/138","targetHints":{"allow":["GET"]}}],"collection":[{"href":"https:\/\/shop.frankovic.hr\/hr\/wp-json\/wp\/v2\/product"}],"about":[{"href":"https:\/\/shop.frankovic.hr\/hr\/wp-json\/wp\/v2\/types\/product"}],"wp:featuredmedia":[{"embeddable":true,"href":"https:\/\/shop.frankovic.hr\/hr\/wp-json\/wp\/v2\/media\/877"}],"wp:attachment":[{"href":"https:\/\/shop.frankovic.hr\/hr\/wp-json\/wp\/v2\/media?parent=138"}],"wp:term":[{"taxonomy":"product_brand","embeddable":true,"href":"https:\/\/shop.frankovic.hr\/hr\/wp-json\/wp\/v2\/product_brand?post=138"},{"taxonomy":"product_cat","embeddable":true,"href":"https:\/\/shop.frankovic.hr\/hr\/wp-json\/wp\/v2\/product_cat?post=138"},{"taxonomy":"product_tag","embeddable":true,"href":"https:\/\/shop.frankovic.hr\/hr\/wp-json\/wp\/v2\/product_tag?post=138"}],"curies":[{"name":"wp","href":"https:\/\/api.w.org\/{rel}","templated":true}]}}