{"id":142,"date":"2022-04-01T11:48:48","date_gmt":"2022-04-01T09:48:48","guid":{"rendered":"https:\/\/shop.frankovic.hr\/?post_type=product&#038;p=142"},"modified":"2026-04-28T10:17:42","modified_gmt":"2026-04-28T08:17:42","slug":"hrmuskat-momjanskienluna-blanca-muscat","status":"publish","type":"product","link":"https:\/\/shop.frankovic.hr\/hr\/proizvod\/hrmuskat-momjanskienluna-blanca-muscat\/","title":{"rendered":"Mu\u0161kat, Luna Blanca"},"content":{"rendered":"<p><\/p>\n<h1>Vinogradi<\/h1>\n<p><strong>Sorta gro\u017e\u0111a:<br \/>\n<\/strong>Mu\u0161kat momjanski<br \/>\n<strong>Kategorija:<\/strong><br \/>\nPoluslatko bijelo vino<br \/>\n<strong>Vinogorje:<\/strong><br \/>\nHrvatska Istra<br \/>\n<strong>Vinograd:<\/strong><br \/>\nMomjan<br \/>\n<strong>Starost vinograda i prinos:<\/strong><br \/>\n30 godina, 1,8 kg<br \/>\n<strong>Nadmorska visina vinograda:<\/strong><br \/>\n200-240m<br \/>\n<strong>Polo\u017eaj vinograda:<\/strong><br \/>\nJug, jugozapad<br \/>\n<strong>Sastav zemlje:<\/strong><br \/>\nFli\u0161, vapnena\u010dke stijene, glina<br \/>\n<strong>Berba:<\/strong><br \/>\nRu\u010dna<\/p>\n<h1>Podrum<\/h1>\n<p><strong>Maceracija:<br \/>\n<\/strong>\/<br \/>\n<strong>Vinifikacija:<\/strong><br \/>\nRu\u010dna selekcija gro\u017e\u0111a, pre\u0161anje, fermentacija<br \/>\n<strong>Dozrijevanje:<\/strong><br \/>\nInox 8 mjeseci<\/p>\n<h1>Ostalo<\/h1>\n<p><strong>Sadr\u017eaj alkohola:<br \/>\n<\/strong>12,0 vol %<br \/>\n<strong>Neprovreli \u0161e\u0107er:<\/strong><br \/>\n36 g\/l<br \/>\n<strong>Ph:<\/strong><br \/>\n3,19<br \/>\n<strong>Ukupna kiselina:<\/strong><br \/>\n5,5 g\/l<br \/>\n<strong>Veli\u010dina boce:<\/strong><br \/>\n0,5 l<br \/>\n<strong>Temperatura serviranja:<\/strong><br \/>\n8 \u00b0C<\/p>","protected":false},"excerpt":{"rendered":"<p><em>Luna Blanca je desertno vino koje krasi blijedo z\u030cuta boja. Pros\u030carano je c\u030cistom sortnom aromom groz\u030c\u0111a, limete te zrelog i soc\u030cnog z\u030cutog voc\u0301a. Intenzivnog je okusa koji je nadopunjen raznim slatkim zac\u030cinima. Ovo kompleksno vino svojom harmonijom ostavlja izraz\u030ceni aftertaste. Savrs\u030ceno se sljubljuje s desertima, posebice s onima koji su bazirani na svjez\u030cem z\u030cutom voc\u0301u a moz\u030ce se posluz\u030citi i kao zamjena za desert.<\/em><\/p>\n<p><strong>Godina: 2025<\/strong><\/p>\n<p><a href=\"https:\/\/shop.frankovic.hr\/wp-content\/uploads\/2023\/04\/Muskat-katalog.pdf\">https:\/\/shop.frankovic.hr\/wp-content\/uploads\/2023\/04\/Muskat-katalog.pdf<\/a><\/p>\n<p>&nbsp;<\/p>\n","protected":false},"featured_media":995,"template":"","meta":{"neve_meta_sidebar":"","neve_meta_container":"","neve_meta_enable_content_width":"off","neve_meta_content_width":100,"neve_meta_title_alignment":"","neve_meta_author_avatar":"","neve_post_elements_order":"","neve_meta_disable_header":"","neve_meta_disable_footer":"","neve_meta_disable_title":"","_themeisle_gutenberg_block_has_review":false},"product_brand":[],"product_cat":[26],"product_tag":[],"class_list":{"0":"post-142","1":"product","2":"type-product","3":"status-publish","4":"has-post-thumbnail","6":"product_cat-vina-frankovic","8":"first","9":"instock","10":"taxable","11":"shipping-taxable","12":"purchasable","13":"product-type-simple"},"_links":{"self":[{"href":"https:\/\/shop.frankovic.hr\/hr\/wp-json\/wp\/v2\/product\/142","targetHints":{"allow":["GET"]}}],"collection":[{"href":"https:\/\/shop.frankovic.hr\/hr\/wp-json\/wp\/v2\/product"}],"about":[{"href":"https:\/\/shop.frankovic.hr\/hr\/wp-json\/wp\/v2\/types\/product"}],"wp:featuredmedia":[{"embeddable":true,"href":"https:\/\/shop.frankovic.hr\/hr\/wp-json\/wp\/v2\/media\/995"}],"wp:attachment":[{"href":"https:\/\/shop.frankovic.hr\/hr\/wp-json\/wp\/v2\/media?parent=142"}],"wp:term":[{"taxonomy":"product_brand","embeddable":true,"href":"https:\/\/shop.frankovic.hr\/hr\/wp-json\/wp\/v2\/product_brand?post=142"},{"taxonomy":"product_cat","embeddable":true,"href":"https:\/\/shop.frankovic.hr\/hr\/wp-json\/wp\/v2\/product_cat?post=142"},{"taxonomy":"product_tag","embeddable":true,"href":"https:\/\/shop.frankovic.hr\/hr\/wp-json\/wp\/v2\/product_tag?post=142"}],"curies":[{"name":"wp","href":"https:\/\/api.w.org\/{rel}","templated":true}]}}