{"id":143,"date":"2022-04-01T11:48:48","date_gmt":"2022-04-01T11:48:48","guid":{"rendered":"https:\/\/shop.frankovic.hr\/?post_type=product&#038;p=143"},"modified":"2025-10-10T14:46:15","modified_gmt":"2025-10-10T12:46:15","slug":"stella","status":"publish","type":"product","link":"https:\/\/shop.frankovic.hr\/hr\/proizvod\/stella\/","title":{"rendered":"Pjenu\u0161ac Stella"},"content":{"rendered":"<p><\/p>\n<h1>Vinogradi<\/h1>\n<p><strong>Sorta gro\u017e\u0111a:<br \/>\n<\/strong>40% Malvazija, 40% Chardonnay i 20% Sauvignon<br \/>\n<strong>Kategorija:<\/strong><br \/>\nPjenu\u0161avo vino, Brut<br \/>\n<strong>Vinogorje:<\/strong><br \/>\nHrvatska Istra<br \/>\n<strong>Vinograd:<\/strong><br \/>\nSanta Lucia<br \/>\n<strong>Starost vinograda i prinos:<\/strong><br \/>\n13 godina, 2 kg<br \/>\n<strong>Nadmorska visina vinograda:<\/strong><br \/>\n200-240m<br \/>\n<strong>Polo\u017eaj vinograda:<\/strong><br \/>\nJug, jugozapad<br \/>\n<strong>Sastav zemlje:<\/strong><br \/>\nFli\u0161, vapnena\u010dke stijene, glina<br \/>\n<strong>Berba:<\/strong><br \/>\nRu\u010dna<\/p>\n<h1>Podrum<\/h1>\n<p><strong>Maceracija:<br \/>\n<\/strong>\/<br \/>\n<strong>Vinifikacija:<\/strong><br \/>\nRu\u010dna selekcija gro\u017e\u0111a, pre\u0161anje, fermentacija, sekundarna fermentacija u inox tankovima<br \/>\n<strong>Dozrijevanje:<\/strong><br \/>\nInox 6 mjeseci<\/p>\n<h1>Ostalo<\/h1>\n<p><strong>Sadr\u017eaj alkohola:<br \/>\n<\/strong>11,5 vol %<br \/>\n<strong>Neprovreli \u0161e\u0107er:<\/strong><br \/>\n7,5 g\/l<br \/>\n<strong>Ph:<\/strong><br \/>\n3,20<br \/>\n<strong>Ukupna kiselina:<\/strong><br \/>\n6,0 g\/l<br \/>\n<strong>Veli\u010dina boce:<\/strong><br \/>\n0,75 l, 1,5 l<br \/>\n<strong>Temperatura serviranja:<\/strong><br \/>\n6-8 \u00b0C<\/p>","protected":false},"excerpt":{"rendered":"<p><em>Stella je nas\u030ce pjenus\u030cavo bijelo vino koje vec\u0301 u mirisu pokazuje ozbiljnost i karakternost. U ustima je bogatog i sloz\u030cenog okusa te punog tijela. Pjenus\u030cac je to, izuzetno harmonic\u030can, dugog retro okusa i skladnog perlanja. Odlikuje se izraz\u030cenom svjez\u030cinom, leprs\u030cavos\u030cc\u0301u i z\u030civos\u030cc\u0301u. Posluz\u030cuje se kao aperitiv, uz hladna predjela, tjestenine, uz salate i razne sireve.<\/em><\/p>\n<p><strong>2024.<\/strong><\/p>\n<p><a href=\"https:\/\/shop.frankovic.hr\/wp-content\/uploads\/2023\/04\/Pjenusac-katalog.pdf\">https:\/\/shop.frankovic.hr\/wp-content\/uploads\/2023\/04\/Pjenusac-katalog.pdf<\/a><\/p>\n<p>&nbsp;<\/p>\n","protected":false},"featured_media":873,"template":"","meta":{"neve_meta_sidebar":"","neve_meta_container":"","neve_meta_enable_content_width":"off","neve_meta_content_width":100,"neve_meta_title_alignment":"","neve_meta_author_avatar":"","neve_post_elements_order":"","neve_meta_disable_header":"","neve_meta_disable_footer":"","neve_meta_disable_title":"","_themeisle_gutenberg_block_has_review":false},"product_brand":[],"product_cat":[26],"product_tag":[],"class_list":{"0":"post-143","1":"product","2":"type-product","3":"status-publish","4":"has-post-thumbnail","6":"product_cat-vina-frankovic","8":"first","9":"instock","10":"taxable","11":"shipping-taxable","12":"purchasable","13":"product-type-variable"},"_links":{"self":[{"href":"https:\/\/shop.frankovic.hr\/hr\/wp-json\/wp\/v2\/product\/143","targetHints":{"allow":["GET"]}}],"collection":[{"href":"https:\/\/shop.frankovic.hr\/hr\/wp-json\/wp\/v2\/product"}],"about":[{"href":"https:\/\/shop.frankovic.hr\/hr\/wp-json\/wp\/v2\/types\/product"}],"wp:featuredmedia":[{"embeddable":true,"href":"https:\/\/shop.frankovic.hr\/hr\/wp-json\/wp\/v2\/media\/873"}],"wp:attachment":[{"href":"https:\/\/shop.frankovic.hr\/hr\/wp-json\/wp\/v2\/media?parent=143"}],"wp:term":[{"taxonomy":"product_brand","embeddable":true,"href":"https:\/\/shop.frankovic.hr\/hr\/wp-json\/wp\/v2\/product_brand?post=143"},{"taxonomy":"product_cat","embeddable":true,"href":"https:\/\/shop.frankovic.hr\/hr\/wp-json\/wp\/v2\/product_cat?post=143"},{"taxonomy":"product_tag","embeddable":true,"href":"https:\/\/shop.frankovic.hr\/hr\/wp-json\/wp\/v2\/product_tag?post=143"}],"curies":[{"name":"wp","href":"https:\/\/api.w.org\/{rel}","templated":true}]}}