{"id":602,"date":"2023-04-27T15:20:38","date_gmt":"2023-04-27T13:20:38","guid":{"rendered":"https:\/\/shop.frankovic.hr\/?post_type=product&#038;p=602"},"modified":"2025-10-10T14:42:23","modified_gmt":"2025-10-10T12:42:23","slug":"cuvee-filiam","status":"publish","type":"product","link":"https:\/\/shop.frankovic.hr\/hr\/proizvod\/cuvee-filiam\/","title":{"rendered":"Cuvee Filiam"},"content":{"rendered":"<p><\/p>\n<h1>Vinogradi<\/h1>\n<p><strong>Sorta gro\u017e\u0111a:<br \/>\n<\/strong>50% Chardonnay, 25% Malvazija, 25% Sauvignon Blanc<br \/>\n<strong>Kategorija:<\/strong><br \/>\nSuho bijelo vino<br \/>\n<strong>Vinogorje:<\/strong><br \/>\nZapadna Istra, Hrvatska<br \/>\n<strong>Vinograd:<\/strong><br \/>\nSanta Lucia<br \/>\n<strong>Starost vinograda i prinos:<\/strong><br \/>\n15-30 godina, 1-1,5 kg<br \/>\n<strong>Nadmorska visina vinograda:<\/strong><br \/>\n200-240m<br \/>\n<strong>Polo\u017eaj vinograda:<\/strong><br \/>\nJug, jugozapad<br \/>\n<strong>Sastav zemlje:<\/strong><br \/>\nFli\u0161, vapnena\u010dke stijene, glina<br \/>\n<strong>Berba:<\/strong><br \/>\nRu\u010dna<\/p>\n<h1>Podrum<\/h1>\n<p><strong>Maceracija:<br \/>\n<\/strong>Kriomaceracija 3 dana<br \/>\n<strong>Vinifikacija:<\/strong><br \/>\nRu\u010dni izbor najboljeg gro\u017e\u0111a, kriomaceracija, pre\u0161anje, fermentacija<br \/>\n<strong>Dozrijevanje:<\/strong><br \/>\nOdle\u017eavanje Malvazije i Chardonnaya 12 mjeseci sur lie metodom u novim i rabljenim barrique i tonneau ba\u010dvama od francuskog hrasta, Sauvignon samo u inoxu<br \/>\n<strong>Daljnje dozrijevanje:<\/strong><br \/>\n5 mjeseci skupno odle\u017eavanje u inoxu<br \/>\n<strong>Dozrijevanje u boci:<\/strong><br \/>\n6 mjeseci<\/p>\n<h1>Ostalo<\/h1>\n<p><strong>Sadr\u017eaj alkohola:<br \/>\n<\/strong>13,0 vol %<br \/>\n<strong>Neprovreli \u0161e\u0107er:<\/strong><br \/>\n1,5 g\/l<br \/>\n<strong>Ph:<\/strong><br \/>\n3,42<br \/>\n<strong>Ukupna kiselina:<\/strong><br \/>\n5,5 g\/l<br \/>\n<strong>Veli\u010dina boce:<\/strong><br \/>\n0,75 l<br \/>\n<strong>Temperatura serviranja:<\/strong><br \/>\n12-14 \u00b0C<\/p>","protected":false},"excerpt":{"rendered":"<p><em>Cuvee Filiam je blend triju bijelih sorti: Chardonnaya, Malvazije i Sauvignona, 50\/25\/25. Gro\u017e\u0111e je vrlo kompleksno zbog malih prinosa, do 1 kg po trsu. Nakon prerade Malvazija i Chardonnay idu na maceraciju 3 dana, dok se Sauvignon odmah pre\u0161a te kre\u0107e u fertmentaciju u inoxu tankovima. Nakon maceracije Chardonnay i Sauvignon odle\u017eavaju 12 mjeseci u francuskom hrastu, uz povremeno mje\u0161anje taloga. Nakon odle\u017eavanja u ba\u010dvicama, tra\u017ei jo\u0161 odle\u017eavanja u inoksu i boci. Vino kojim se iskazuje potencijal teroira, nagla\u0161ene mineralnosti te vrlo duge trajnosti u ustima<\/em><\/p>\n<p><strong>Godina: 2020<\/strong><\/p>\n<p><a href=\"https:\/\/shop.frankovic.hr\/wp-content\/uploads\/2023\/04\/Cuvee-katalog.pdf\"><img loading=\"lazy\" decoding=\"async\" class=\"pdffran alignleft wp-image-301 size-full\" src=\"https:\/\/shop.frankovic.hr\/wp-content\/uploads\/2022\/04\/PDF-download-icon.png\" alt=\"\" width=\"50\" height=\"49\" \/><\/a><\/p>\n<h6><\/h6>\n","protected":false},"featured_media":603,"template":"","meta":{"neve_meta_sidebar":"","neve_meta_container":"","neve_meta_enable_content_width":"off","neve_meta_content_width":100,"neve_meta_title_alignment":"","neve_meta_author_avatar":"","neve_post_elements_order":"","neve_meta_disable_header":"","neve_meta_disable_footer":"","neve_meta_disable_title":"","_themeisle_gutenberg_block_has_review":false},"product_brand":[],"product_cat":[26],"product_tag":[],"class_list":{"0":"post-602","1":"product","2":"type-product","3":"status-publish","4":"has-post-thumbnail","6":"product_cat-vina-frankovic","8":"first","9":"instock","10":"taxable","11":"shipping-taxable","12":"purchasable","13":"product-type-simple"},"_links":{"self":[{"href":"https:\/\/shop.frankovic.hr\/hr\/wp-json\/wp\/v2\/product\/602","targetHints":{"allow":["GET"]}}],"collection":[{"href":"https:\/\/shop.frankovic.hr\/hr\/wp-json\/wp\/v2\/product"}],"about":[{"href":"https:\/\/shop.frankovic.hr\/hr\/wp-json\/wp\/v2\/types\/product"}],"wp:featuredmedia":[{"embeddable":true,"href":"https:\/\/shop.frankovic.hr\/hr\/wp-json\/wp\/v2\/media\/603"}],"wp:attachment":[{"href":"https:\/\/shop.frankovic.hr\/hr\/wp-json\/wp\/v2\/media?parent=602"}],"wp:term":[{"taxonomy":"product_brand","embeddable":true,"href":"https:\/\/shop.frankovic.hr\/hr\/wp-json\/wp\/v2\/product_brand?post=602"},{"taxonomy":"product_cat","embeddable":true,"href":"https:\/\/shop.frankovic.hr\/hr\/wp-json\/wp\/v2\/product_cat?post=602"},{"taxonomy":"product_tag","embeddable":true,"href":"https:\/\/shop.frankovic.hr\/hr\/wp-json\/wp\/v2\/product_tag?post=602"}],"curies":[{"name":"wp","href":"https:\/\/api.w.org\/{rel}","templated":true}]}}