{"id":700,"date":"2024-10-24T13:35:22","date_gmt":"2024-10-24T11:35:22","guid":{"rendered":"https:\/\/shop.frankovic.hr\/?post_type=product&#038;p=700"},"modified":"2025-07-24T15:38:59","modified_gmt":"2025-07-24T13:38:59","slug":"istrian-grape-ale","status":"publish","type":"product","link":"https:\/\/shop.frankovic.hr\/hr\/proizvod\/istrian-grape-ale\/","title":{"rendered":"Istrian Grape Ale"},"content":{"rendered":"<p>Posebnost ovog piva le\u017ei u jedinstvenom spoju pivske sladovine i mo\u0161ta od Malvazije, sorte koja dolazi s pozicije Santa Lucia, jedne od najcjenjenijih vinogradarskih pozicija u Istri. Vinarija Frankovi\u0107, poznata po svojim vrhunskim vinima, ustupila je mo\u0161t koji dodaje jedinstvenu aromu i kompleksnost ovome pivu, stvaraju\u0107i nevjerojatan balans izme\u0111u svje\u017eine vina i bogatstva ale piva. Jednostavnim rije\u010dima, Istrian Grape Ale je pivo koje predstavlja strast prema inovaciji te veliko po\u0161tovanje prema tradiciji. Ovaj proizvod je rezultat suradnje izme\u0111u lokalnih snaga te kao takav predstavlja duh Istre u svakom gutljaju.<\/p>\n<p>0,75l<\/p>","protected":false},"excerpt":{"rendered":"<p><em>Istrian Grape Ale nije samo jo\u0161 jedno pivo na tr\u017ei\u0161tu \u2013 ono je rezultat pomno osmi\u0161ljene suradnje izme\u0111u Bujske pivovare, renomirane vinarije Frankovi\u0107 te talentiranog umjetnika Marka Brajkovi\u0107a.<\/em><\/p>\n","protected":false},"featured_media":701,"template":"","meta":{"neve_meta_sidebar":"","neve_meta_container":"","neve_meta_enable_content_width":"off","neve_meta_content_width":100,"neve_meta_title_alignment":"","neve_meta_author_avatar":"","neve_post_elements_order":"","neve_meta_disable_header":"","neve_meta_disable_footer":"","neve_meta_disable_title":"","_themeisle_gutenberg_block_has_review":false},"product_brand":[],"product_cat":[26],"product_tag":[],"class_list":{"0":"post-700","1":"product","2":"type-product","3":"status-publish","4":"has-post-thumbnail","6":"product_cat-vina-frankovic","8":"first","9":"instock","10":"taxable","11":"shipping-taxable","12":"purchasable","13":"product-type-simple"},"_links":{"self":[{"href":"https:\/\/shop.frankovic.hr\/hr\/wp-json\/wp\/v2\/product\/700","targetHints":{"allow":["GET"]}}],"collection":[{"href":"https:\/\/shop.frankovic.hr\/hr\/wp-json\/wp\/v2\/product"}],"about":[{"href":"https:\/\/shop.frankovic.hr\/hr\/wp-json\/wp\/v2\/types\/product"}],"wp:featuredmedia":[{"embeddable":true,"href":"https:\/\/shop.frankovic.hr\/hr\/wp-json\/wp\/v2\/media\/701"}],"wp:attachment":[{"href":"https:\/\/shop.frankovic.hr\/hr\/wp-json\/wp\/v2\/media?parent=700"}],"wp:term":[{"taxonomy":"product_brand","embeddable":true,"href":"https:\/\/shop.frankovic.hr\/hr\/wp-json\/wp\/v2\/product_brand?post=700"},{"taxonomy":"product_cat","embeddable":true,"href":"https:\/\/shop.frankovic.hr\/hr\/wp-json\/wp\/v2\/product_cat?post=700"},{"taxonomy":"product_tag","embeddable":true,"href":"https:\/\/shop.frankovic.hr\/hr\/wp-json\/wp\/v2\/product_tag?post=700"}],"curies":[{"name":"wp","href":"https:\/\/api.w.org\/{rel}","templated":true}]}}